{"id":2,"date":"2025-01-25T17:16:04","date_gmt":"2025-01-25T17:16:04","guid":{"rendered":"https:\/\/crconsultoriapy.com\/?page_id=2"},"modified":"2025-03-13T19:50:16","modified_gmt":"2025-03-13T19:50:16","slug":"sample-page","status":"publish","type":"page","link":"https:\/\/crconsultoriapy.com\/index.php\/sample-page\/","title":{"rendered":"CR Consultor\u00eda \u00abAcompa\u00f1ando Tu Crecimiento\u00bb"},"content":{"rendered":"\n<p>En construcci\u00f3n<\/p>\n\n\n\n<p>Estamos en proceso de construir una pagina para mejorar tu experiencia.<\/p>\n\n\n\n<p>Estamos para ayudarte comunic\u00e1ndote al +595 961 668316 o al +595 971 951929<\/p>\n\n\n\n<p>O escribinos a crconsultoriapy@gmail.com<\/p>\n\n\n\n<p>Somos CR Consultor\u00eda  \u00abAcompa\u00f1ando Tu Crecimiento\u00bb<\/p>\n","protected":false},"excerpt":{"rendered":"<p>En construcci\u00f3n Estamos en proceso de construir una pagina para mejorar tu experiencia. Estamos para ayudarte comunic\u00e1ndote al +595 961 668316 o al +595 971 951929 O escribinos a crconsultoriapy@gmail.com Somos CR Consultor\u00eda \u00abAcompa\u00f1ando Tu Crecimiento\u00bb<\/p>\n","protected":false},"author":1,"featured_media":0,"parent":0,"menu_order":0,"comment_status":"closed","ping_status":"open","template":"","meta":{"footnotes":""},"class_list":["post-2","page","type-page","status-publish","hentry"],"_links":{"self":[{"href":"https:\/\/crconsultoriapy.com\/index.php\/wp-json\/wp\/v2\/pages\/2","targetHints":{"allow":["GET"]}}],"collection":[{"href":"https:\/\/crconsultoriapy.com\/index.php\/wp-json\/wp\/v2\/pages"}],"about":[{"href":"https:\/\/crconsultoriapy.com\/index.php\/wp-json\/wp\/v2\/types\/page"}],"author":[{"embeddable":true,"href":"https:\/\/crconsultoriapy.com\/index.php\/wp-json\/wp\/v2\/users\/1"}],"replies":[{"embeddable":true,"href":"https:\/\/crconsultoriapy.com\/index.php\/wp-json\/wp\/v2\/comments?post=2"}],"version-history":[{"count":2,"href":"https:\/\/crconsultoriapy.com\/index.php\/wp-json\/wp\/v2\/pages\/2\/revisions"}],"predecessor-version":[{"id":10,"href":"https:\/\/crconsultoriapy.com\/index.php\/wp-json\/wp\/v2\/pages\/2\/revisions\/10"}],"wp:attachment":[{"href":"https:\/\/crconsultoriapy.com\/index.php\/wp-json\/wp\/v2\/media?parent=2"}],"curies":[{"name":"wp","href":"https:\/\/api.w.org\/{rel}","templated":true}]}}